{"id":287,"date":"2026-03-20T10:16:21","date_gmt":"2026-03-20T10:16:21","guid":{"rendered":"https:\/\/tafelwit.org\/?page_id=287"},"modified":"2026-03-22T15:36:15","modified_gmt":"2026-03-22T15:36:15","slug":"jaccuse","status":"publish","type":"page","link":"https:\/\/tafelwit.org\/index.php\/jaccuse\/","title":{"rendered":"J&rsquo;accuse"},"content":{"rendered":"<div class=\"xdj266r x14z9mp xat24cr x1lziwak x1vvkbs x126k92a\">\n<div dir=\"auto\">\u0623\u062a\u0647\u0645 \u2026<\/div>\n<\/div>\n<div class=\"x14z9mp xat24cr x1lziwak x1vvkbs xtlvy1s x126k92a\">\n<div dir=\"auto\"><span class=\"html-span xexx8yu xyri2b x18d9i69 x1c1uobl x1hl2dhg x16tdsg8 x1vvkbs x3nfvp2 x1j61x8r x1fcty0u xdj266r xat24cr xm2jcoa x1mpyi22 xxymvpz xlup9mm x1kky2od\"><img loading=\"lazy\" decoding=\"async\" class=\"xz74otr x15mokao x1ga7v0g x16uus16 xbiv7yw\" src=\"https:\/\/static.xx.fbcdn.net\/images\/emoji.php\/v9\/t63\/2\/16\/270d.png\" alt=\"\u270d\ufe0f\" width=\"16\" height=\"16\" \/><\/span> \u0633\u064a \u0623\u062d\u0645\u062f \u0633\u064a\u062f\u064a \u0645\u0646\u0627\u062f \u0631\u0626\u064a\u0633 \u062c\u0645\u0639\u064a\u0629 \u062a\u0627\u0641\u0644\u0648\u064a\u062a<\/div>\n<\/div>\n<div class=\"x14z9mp xat24cr x1lziwak x1vvkbs xtlvy1s x126k92a\">\n<div dir=\"auto\">\u0644\u0627 \u0623\u0631\u064a\u062f \u0625\u0637\u0644\u0627\u0642\u064b\u0627 \u0623\u0646 \u0623\u0643\u0648\u0646 \u0645\u062a\u0634\u0627\u0626\u0645\u064b\u0627\u060c \u0648\u0633\u0623\u0643\u062a\u0641\u064a \u0628\u0639\u0631\u0636 \u0627\u0644\u0623\u0631\u0642\u0627\u0645 \u0627\u0644\u062a\u064a \u0642\u062f\u0645\u062a\u0647\u0627 \u0627\u0644\u0634\u0631\u0643\u0629 \u0627\u0644\u0623\u0633\u062a\u0631\u0627\u0644\u064a\u0629 \u201c\u062a\u064a\u0631\u0627\u0645\u064a\u0646\u201d \u0639\u0644\u0649 \u0645\u0648\u0642\u0639\u0647\u0627 \u0627\u0644\u0625\u0644\u0643\u062a\u0631\u0648\u0646\u064a\u060c \u0648\u0627\u0644\u0645\u062d\u062f\u0651\u062b \u0641\u064a \u0634\u0647\u0631 \u0645\u0627\u0631\u0633 2026\u060c \u0648\u0627\u0644\u0645\u062a\u0627\u062d \u0644\u0643\u0644 \u0645\u0648\u0627\u0637\u0646 \u064a\u0631\u063a\u0628 \u0641\u064a \u0627\u0644\u0627\u0637\u0644\u0627\u0639 \u0639\u0644\u0649 \u062a\u0641\u0627\u0635\u064a\u0644 \u0648\u062e\u0644\u0641\u064a\u0627\u062a \u0627\u0633\u062a\u063a\u0644\u0627\u0644 \u0647\u0630\u0647 \u0627\u0644\u0645\u0646\u062c\u0645 \u0627\u0644\u0630\u064a \u064a\u064f\u0642\u062f\u0651\u064e\u0645 \u0639\u0644\u0649 \u0623\u0646\u0647 \u0627\u0633\u062a\u0631\u0627\u062a\u064a\u062c\u064a \u0644\u0627\u0642\u062a\u0635\u0627\u062f\u0646\u0627\u060c \u062e\u0627\u0635\u0629 \u0645\u0646 \u0637\u0631\u0641 \u0643\u0627\u062a\u0628 \u0630\u0644\u0643 \u0627\u0644\u0645\u0642\u0627\u0644 \u0627\u0644\u0625\u0634\u0627\u062f\u064a.<\/div>\n<\/div>\n<div class=\"x14z9mp xat24cr x1lziwak x1vvkbs xtlvy1s x126k92a\">\n<div dir=\"auto\">\u0627\u062d\u0643\u0645\u0648\u0627 \u0628\u0623\u0646\u0641\u0633\u0643\u0645.<\/div>\n<\/div>\n<div class=\"x14z9mp xat24cr x1lziwak x1vvkbs xtlvy1s x126k92a\">\n<div dir=\"auto\">\u0627\u0644\u0645\u0648\u0642\u0639 \u0627\u0644\u0645\u0646\u062c\u0645\u064a \u0627\u0644\u0645\u0639\u0631\u0648\u0641 \u0628\u0627\u0633\u0645 \u201c\u062a\u0627\u0644\u0629 \u062d\u0645\u0632\u0629\u201d \u064a\u062d\u062a\u0648\u064a \u0639\u0644\u0649 \u0627\u062d\u062a\u064a\u0627\u0637\u064a \u0642\u0627\u0628\u0644 \u0644\u0644\u0627\u0633\u062a\u063a\u0644\u0627\u0644 \u0644\u0645\u062f\u0629 \u062a\u0642\u0627\u0631\u0628 \u0639\u0634\u0631\u064a\u0646 \u0633\u0646\u0629\u060c \u064a\u064f\u0642\u062f\u0651\u064e\u0631 \u0628\u0640 53 \u0645\u0644\u064a\u0648\u0646 \u0637\u0646 \u0645\u0646 \u0627\u0644\u062e\u0627\u0645\u060c \u0628\u0646\u0633\u0628\u0629 5.3% \u0645\u0646 \u0627\u0644\u0632\u0646\u0643 \u06481.3% \u0645\u0646 \u0627\u0644\u0631\u0635\u0627\u0635\u060c \u0623\u064a \u0645\u0627 \u064a\u0639\u0627\u062f\u0644\u060c \u0641\u064a \u0623\u0641\u0636\u0644 \u0627\u0644\u062d\u0627\u0644\u0627\u062a\u060c 2,810,000 \u0637\u0646 \u0645\u0646 \u0627\u0644\u0632\u0646\u0643 \u0648689,000 \u0637\u0646 \u0645\u0646 \u0627\u0644\u0631\u0635\u0627\u0635\u060c \u0625\u0636\u0627\u0641\u0629 \u0637\u0628\u0639\u064b\u0627 \u0625\u0644\u0649 48 \u0645\u0644\u064a\u0648\u0646 \u0637\u0646 \u0645\u0646 \u0627\u0644\u0646\u0641\u0627\u064a\u0627\u062a \u0623\u0648 \u0627\u0644\u0645\u0648\u0627\u062f \u0627\u0644\u0639\u0642\u064a\u0645\u0629.<\/div>\n<\/div>\n<div class=\"x14z9mp xat24cr x1lziwak x1vvkbs xtlvy1s x126k92a\">\n<div dir=\"auto\">\u062a\u062e\u0637\u0637 \u201c\u062a\u064a\u0631\u0627\u0645\u064a\u0646\u201d \u0644\u0625\u0646\u062a\u0627\u062c 130,000 \u0637\u0646 \u0633\u0646\u0648\u064a\u064b\u0627 \u0645\u0646 \u0645\u0631\u0643\u0632 \u0627\u0644\u0632\u0646\u0643 \u064826,000 \u0637\u0646 \u0633\u0646\u0648\u064a\u064b\u0627 \u0645\u0646 \u0645\u0631\u0643\u0632 \u0627\u0644\u0631\u0635\u0627\u0635 \u0644\u0644\u062a\u0635\u062f\u064a\u0631\u060c \u0627\u0646\u0637\u0644\u0627\u0642\u064b\u0627 \u0645\u0646 \u0627\u0633\u062a\u062e\u0631\u0627\u062c 1.4 \u0645\u0644\u064a\u0648\u0646 \u0637\u0646 \u0645\u0646 \u0627\u0644\u062e\u0627\u0645 \u0633\u0646\u0648\u064a\u064b\u0627\u060c \u0648\u0647\u0648 \u0645\u0627 \u064a\u0639\u0646\u064a \u0623\u064a\u0636\u064b\u0627 \u0625\u0646\u062a\u0627\u062c 1.4 \u0645\u0644\u064a\u0648\u0646 \u0637\u0646 \u0645\u0646 \u0627\u0644\u0646\u0641\u0627\u064a\u0627\u062a \u0623\u0648 \u0627\u0644\u0645\u0648\u0627\u062f \u0627\u0644\u0639\u0642\u064a\u0645\u0629 \u0643\u0644 \u0633\u0646\u0629.<\/div>\n<\/div>\n<div class=\"x14z9mp xat24cr x1lziwak x1vvkbs xtlvy1s x126k92a\">\n<div dir=\"auto\">\u064a\u0628\u0644\u063a \u0625\u062c\u0645\u0627\u0644\u064a \u0627\u0644\u0627\u0633\u062a\u062b\u0645\u0627\u0631 \u0641\u064a \u0634\u0631\u0643\u0629 BZL\u060c \u0623\u064a \u201c\u062a\u064a\u0631\u0627\u0645\u064a\u0646\u201d (49%) \u0648\u0634\u0631\u064a\u0643\u064a\u0647\u0627 \u0627\u0644\u062c\u0632\u0627\u0626\u0631\u064a\u064a\u0646 \u201c\u0633\u0648\u0646\u0627\u0631\u0627\u0645\u201d \u0648\u201d\u0625\u064a\u0646\u0627\u0641\u0648\u0631\u201d (51%)\u060c \u0646\u062d\u0648 341 \u0645\u0644\u064a\u0648\u0646 \u062f\u0648\u0644\u0627\u0631 \u0623\u0645\u0631\u064a\u0643\u064a\u060c \u0645\u0645\u0648\u0644\u0629 \u0639\u0644\u0649 \u0634\u0643\u0644 \u0642\u0631\u0648\u0636 \u0645\u0646 \u0628\u0646\u0648\u0643 \u062c\u0632\u0627\u0626\u0631\u064a\u0629.<\/div>\n<\/div>\n<div class=\"x14z9mp xat24cr x1lziwak x1vvkbs xtlvy1s x126k92a\">\n<div dir=\"auto\">\u064a\u064f\u0642\u062f\u0651\u064e\u0631 \u0627\u0644\u0639\u0627\u0626\u062f \u0627\u0644\u0633\u0646\u0648\u064a \u0627\u0644\u0645\u062a\u0648\u0642\u0639 \u0628\u062d\u0648\u0627\u0644\u064a 392 \u0645\u0644\u064a\u0648\u0646 \u062f\u0648\u0644\u0627\u0631 \u0623\u0645\u0631\u064a\u0643\u064a\u060c \u062a\u064f\u062e\u0635\u0645 \u0645\u0646\u0647 \u062a\u0643\u0627\u0644\u064a\u0641 \u0627\u0644\u0627\u0633\u062a\u063a\u0644\u0627\u0644: 161 \u0645\u0644\u064a\u0648\u0646 \u062f\u0648\u0644\u0627\u0631 \u0644\u0644\u0632\u0646\u0643 (1170 \u062f\u0648\u0644\u0627\u0631\u064b\u0627 \u0644\u0644\u0637\u0646) \u0648135 \u062f\u0648\u0644\u0627\u0631\u064b\u0627 \u0644\u0644\u0637\u0646 \u0628\u0627\u0644\u0646\u0633\u0628\u0629 \u0644\u0644\u0631\u0635\u0627\u0635\u060c \u0645\u0627 \u064a\u0646\u062a\u062c \u0639\u0646\u0647 \u0631\u0628\u062d \u0646\u0638\u0631\u064a \u0642\u062f\u0631\u0647 231 \u0645\u0644\u064a\u0648\u0646 \u062f\u0648\u0644\u0627\u0631 \u0644\u0634\u0631\u0643\u0629 BZL\u060c \u0623\u064a \u0645\u0627 \u064a\u0639\u0627\u062f\u0644 118 \u0645\u0644\u064a\u0648\u0646 \u062f\u0648\u0644\u0627\u0631 \u0633\u0646\u0648\u064a\u064b\u0627 \u0644\u0644\u0645\u0624\u0633\u0633\u062a\u064a\u0646 \u0627\u0644\u062c\u0632\u0627\u0626\u0631\u064a\u062a\u064a\u0646 \u0648113 \u0645\u0644\u064a\u0648\u0646 \u062f\u0648\u0644\u0627\u0631 \u0644\u0634\u0631\u0643\u0629 \u201c\u062a\u064a\u0631\u0627\u0645\u064a\u0646\u201d.<\/div>\n<\/div>\n<div class=\"x14z9mp xat24cr x1lziwak x1vvkbs xtlvy1s x126k92a\">\n<div dir=\"auto\">\u0647\u0630\u0647 \u0627\u0644\u0623\u0631\u0642\u0627\u0645 \u0644\u0627 \u062a\u0634\u0645\u0644 \u0627\u0644\u0627\u0633\u062a\u062b\u0645\u0627\u0631 \u0627\u0644\u0623\u0648\u0644\u064a (341 \u0645\u0644\u064a\u0648\u0646 \u062f\u0648\u0644\u0627\u0631 \u064a\u062c\u0628 \u062a\u0633\u062f\u064a\u062f\u0647\u0627 \u062e\u0644\u0627\u0644 \u0641\u062a\u0631\u0629 \u063a\u064a\u0631 \u0645\u0639\u0644\u0646\u0629)\u060c \u0648\u0644\u0627 \u062a\u0643\u0627\u0644\u064a\u0641 \u0625\u0639\u0627\u062f\u0629 \u062a\u0623\u0647\u064a\u0644 \u0627\u0644\u0645\u0648\u0642\u0639 \u0628\u0639\u062f \u0627\u0644\u0627\u0633\u062a\u063a\u0644\u0627\u0644 (\u0625\u0630 \u0644\u0627 \u062a\u062d\u062f\u062f \u201c\u062a\u064a\u0631\u0627\u0645\u064a\u0646\u201d \u0644\u0627 \u0627\u0644\u062a\u0643\u0644\u0641\u0629 \u0627\u0644\u062a\u0642\u0631\u064a\u0628\u064a\u0629 \u0648\u0644\u0627 \u0627\u0644\u062c\u0647\u0629 \u0627\u0644\u062a\u064a \u0633\u062a\u062a\u062d\u0645\u0644\u0647\u0627)\u060c \u0648\u0644\u0627 \u0623\u064a\u0636\u064b\u0627 \u0627\u0647\u062a\u0644\u0627\u0643 \u0631\u0623\u0633 \u0627\u0644\u0645\u0627\u0644.<\/div>\n<\/div>\n<div class=\"x14z9mp xat24cr x1lziwak x1vvkbs xtlvy1s x126k92a\">\n<div dir=\"auto\">\u0648\u0645\u0639 \u0630\u0644\u0643\u060c \u0633\u0646\u0631\u0649 \u0641\u064a\u0645\u0627 \u064a\u0644\u064a \u0623\u0646 \u0627\u0644\u0639\u0645\u0644\u064a\u0629 \u062a\u0638\u0644 \u0645\u0631\u0628\u062d\u0629 \u0628\u0627\u0644\u0646\u0633\u0628\u0629 \u0644\u0640\u201d\u062a\u064a\u0631\u0627\u0645\u064a\u0646\u201d \u0631\u063a\u0645 \u0643\u0644 \u0647\u0630\u0647 \u0627\u0644\u062a\u0643\u0627\u0644\u064a\u0641.<\/div>\n<\/div>\n<div class=\"x14z9mp xat24cr x1lziwak x1vvkbs xtlvy1s x126k92a\">\n<div dir=\"auto\">\u0641\u0641\u064a \u0627\u0644\u0648\u0627\u0642\u0639\u060c \u0647\u0630\u0647 \u0627\u0644\u0634\u0631\u0643\u0629\u060c \u0627\u0644\u062a\u064a \u062a\u0639\u0627\u0646\u064a \u0645\u0646 \u0648\u0636\u0639 \u0645\u0627\u0644\u064a \u062d\u0631\u062c\u060c \u062a\u0633\u062a\u0641\u064a\u062f \u0645\u0646 \u0642\u0631\u0636 \u0628\u0646\u0643\u064a \u062c\u0632\u0627\u0626\u0631\u064a (\u0628\u0641\u0636\u0644 \u0634\u0631\u0627\u0643\u062a\u0647\u0627 \u0645\u0639 \u201c\u0633\u0648\u0646\u0627\u0631\u0627\u0645\u201d \u0648\u201d\u0625\u064a\u0646\u0627\u0641\u0648\u0631\u201d)\u060c \u062f\u0648\u0646 \u0623\u0646 \u062a\u0642\u062f\u0645 \u0623\u064a \u0645\u0633\u0627\u0647\u0645\u0629 \u0645\u0627\u0644\u064a\u0629 \u0645\u0628\u0627\u0634\u0631\u0629 \u0641\u064a \u0627\u0644\u0627\u0633\u062a\u062b\u0645\u0627\u0631. \u0648\u062a\u062f\u0651\u0639\u064a \u0623\u0646\u0647\u0627 \u062a\u0648\u0641\u0631 \u0627\u0644\u062e\u0628\u0631\u0629 \u0648\u0627\u0644\u0645\u0639\u0631\u0641\u0629 \u0627\u0644\u062a\u0642\u0646\u064a\u0629 \u0641\u064a \u062a\u0633\u064a\u064a\u0631 \u0627\u0644\u0645\u0646\u0627\u062c\u0645 (\u0641\u064a \u062d\u064a\u0646 \u0623\u0646 \u062a\u062c\u0631\u0628\u062a\u0647\u0627 \u0627\u0644\u0648\u062d\u064a\u062f\u0629 \u0625\u0644\u0649 \u0627\u0644\u064a\u0648\u0645 \u0647\u064a \u0645\u0646\u062c\u0645 \u0632\u0646\u0643 \u0641\u064a \u062c\u0646\u0648\u0628 \u0623\u0633\u062a\u0631\u0627\u0644\u064a\u0627 \u062a\u0645 \u0625\u063a\u0644\u0627\u0642\u0647)\u060c \u0643\u0645\u0627 \u0623\u0646\u0647\u0627 \u0633\u062a\u062a\u0648\u0644\u0649 \u0627\u0644\u0625\u062f\u0627\u0631\u0629 \u0627\u0644\u0643\u0627\u0645\u0644\u0629 \u0644\u0644\u0645\u0646\u062c\u0645. \u0641\u0645\u0627 \u0647\u064a \u0625\u0630\u064b\u0627 \u0627\u0644\u0645\u0633\u0627\u0647\u0645\u0629 \u0627\u0644\u062d\u0642\u064a\u0642\u064a\u0629 \u0644\u0644\u0634\u0631\u0643\u062a\u064a\u0646 \u0627\u0644\u062c\u0632\u0627\u0626\u0631\u064a\u062a\u064a\u0646\u061f<\/div>\n<\/div>\n<div class=\"x14z9mp xat24cr x1lziwak x1vvkbs xtlvy1s x126k92a\">\n<div dir=\"auto\">\u0648\u0627\u0644\u0623\u0643\u062b\u0631 \u0644\u0641\u062a\u064b\u0627 \u0644\u0644\u0627\u0646\u062a\u0628\u0627\u0647\u060c \u0647\u0648 \u0645\u0627 \u064a\u0644\u064a \u0645\u0646 \u0627\u0644\u0627\u0645\u062a\u064a\u0627\u0632\u0627\u062a \u0627\u0644\u0645\u0645\u0646\u0648\u062d\u0629 \u0644\u0640\u201d\u062a\u064a\u0631\u0627\u0645\u064a\u0646\u201d:<\/div>\n<\/div>\n<div class=\"x14z9mp xat24cr x1lziwak x1vvkbs xtlvy1s x126k92a\">\n<div dir=\"auto\">\u00ab\u062a\u062d\u062a\u0641\u0638 \u201c\u062a\u064a\u0631\u0627\u0645\u064a\u0646\u201d \u0628\u062d\u0642\u0648\u0642 \u0625\u062f\u0627\u0631\u0629 \u0627\u0644\u0645\u0634\u0631\u0648\u0639.<\/div>\n<div dir=\"auto\">\u0628\u0646\u064a\u0629 \u062a\u062d\u062a\u064a\u0629 \u0645\u0648\u062c\u0648\u062f\u0629 \u0648\u0645\u062a\u0637\u0648\u0631\u0629\u060c \u0645\u0639 \u062a\u0643\u0627\u0644\u064a\u0641 \u0645\u0646\u062e\u0641\u0636\u0629 \u0648\u0645\u0646\u0627\u0633\u0628\u0629 \u0644\u0644\u0643\u0647\u0631\u0628\u0627\u0621 \u0648\u0627\u0644\u0648\u0642\u0648\u062f.<\/div>\n<div dir=\"auto\">\u0625\u0639\u0641\u0627\u0621 \u0645\u0646 \u0627\u0644\u0636\u0631\u064a\u0628\u0629 \u0639\u0644\u0649 \u0627\u0644\u0634\u0631\u0643\u0627\u062a \u0644\u0645\u062f\u0629 10 \u0633\u0646\u0648\u0627\u062a.<\/div>\n<div dir=\"auto\">\u0625\u0639\u0641\u0627\u0621 \u0645\u0646 \u0627\u0644\u0636\u0631\u064a\u0628\u0629 \u0639\u0644\u0649 \u0627\u0644\u0642\u064a\u0645\u0629 \u0627\u0644\u0645\u0636\u0627\u0641\u0629 \u0648\u0627\u0644\u0631\u0633\u0648\u0645 \u0627\u0644\u062c\u0645\u0631\u0643\u064a\u0629.<\/div>\n<div dir=\"auto\">\u0642\u0631\u0648\u0636 \u0637\u0648\u064a\u0644\u0629 \u0627\u0644\u0623\u062c\u0644 \u0628\u0641\u0648\u0627\u0626\u062f \u0645\u0646\u062e\u0641\u0636\u0629 \u0645\u0646 \u0627\u0644\u0628\u0646\u0648\u0643 \u0627\u0644\u0639\u0645\u0648\u0645\u064a\u0629 \u0627\u0644\u062c\u0632\u0627\u0626\u0631\u064a\u0629.\u00bb<\/div>\n<\/div>\n<div class=\"x14z9mp xat24cr x1lziwak x1vvkbs xtlvy1s x126k92a\">\n<div dir=\"auto\">\u0648\u0627\u0644\u0623\u0647\u0645 \u0645\u0646 \u0630\u0644\u0643 \u0623\u0646 \u0627\u0644\u0645\u0634\u0631\u0648\u0639 \u064a\u0642\u0639 \u0641\u064a \u0627\u0644\u062c\u0632\u0627\u0626\u0631\u060c \u0639\u0644\u0649 \u0633\u0627\u062d\u0644 \u0627\u0644\u0628\u062d\u0631 \u0627\u0644\u0623\u0628\u064a\u0636 \u0627\u0644\u0645\u062a\u0648\u0633\u0637\u060c \u0639\u0644\u0649 \u0628\u0639\u062f 15 \u0643\u064a\u0644\u0648\u0645\u062a\u0631\u064b\u0627 \u0645\u0646 \u0645\u062f\u064a\u0646\u0629 \u0628\u062c\u0627\u064a\u0629.<\/div>\n<\/div>\n<div class=\"x14z9mp xat24cr x1lziwak x1vvkbs xtlvy1s x126k92a\">\n<div dir=\"auto\">\u0648\u062a\u062a\u0648\u0641\u0631 \u0645\u062f\u064a\u0646\u0629 \u0628\u062c\u0627\u064a\u0629 \u0639\u0644\u0649 \u0628\u0646\u064a\u0629 \u062a\u062d\u062a\u064a\u0629 \u0645\u0647\u0645\u0629\u060c \u0645\u0646\u0647\u0627 \u0645\u0637\u0627\u0631 \u062f\u0648\u0644\u064a \u0648\u0645\u064a\u0646\u0627\u0621 \u0639\u0645\u064a\u0642.<\/div>\n<\/div>\n<div class=\"x14z9mp xat24cr x1lziwak x1vvkbs xtlvy1s x126k92a\">\n<div dir=\"auto\">\u0648\u0645\u0646 \u0645\u0632\u0627\u064a\u0627 \u0647\u0630\u0627 \u0627\u0644\u0645\u0648\u0642\u0639 \u062a\u0648\u0641\u0631 \u0627\u0644\u064a\u062f \u0627\u0644\u0639\u0627\u0645\u0644\u0629 \u0627\u0644\u0645\u062d\u0644\u064a\u0629\u060c \u0648\u0625\u0645\u0643\u0627\u0646\u064a\u0629 \u0627\u0644\u0648\u0635\u0648\u0644 \u0625\u0644\u0649 \u0634\u0628\u0643\u0629 \u0627\u0644\u0643\u0647\u0631\u0628\u0627\u0621\u060c \u0648\u0648\u0641\u0631\u0629 \u0627\u0644\u0645\u064a\u0627\u0647\u060c \u0648\u0642\u0631\u0628\u0647 \u0645\u0646 \u0645\u0635\u0627\u0647\u0631 \u0627\u0644\u0632\u0646\u0643 \u0627\u0644\u0623\u0648\u0631\u0648\u0628\u064a\u0629 (\u0645\u0627 \u064a\u0639\u0646\u064a \u0628\u0628\u0633\u0627\u0637\u0629 \u062a\u0635\u062f\u064a\u0631 \u0645\u0631\u0643\u0632\u0627\u062a \u0627\u0644\u0632\u0646\u0643 \u0648\u0627\u0644\u0631\u0635\u0627\u0635).<\/div>\n<\/div>\n<div class=\"x14z9mp xat24cr x1lziwak x1vvkbs xtlvy1s x126k92a\">\n<div dir=\"auto\">\u0643\u0645\u0627 \u062a\u064f\u0641\u064a\u062f \u201c\u062a\u064a\u0631\u0627\u0645\u064a\u0646\u201d \u0628\u0623\u0646 \u0627\u0644\u062d\u0643\u0648\u0645\u0629 \u0627\u0644\u062c\u0632\u0627\u0626\u0631\u064a\u0629 \u0633\u062a\u062a\u0643\u0641\u0644 \u0628\u062a\u0648\u0641\u064a\u0631 \u0627\u0644\u0628\u0646\u064a\u0629 \u0627\u0644\u062a\u062d\u062a\u064a\u0629 \u0627\u0644\u0623\u0633\u0627\u0633\u064a\u0629 \u0644\u0644\u0645\u0634\u0631\u0648\u0639 (\u0639\u0644\u0649 \u0646\u0641\u0642\u0629 \u0627\u0644\u062f\u0648\u0644\u0629)\u060c \u0648\u062a\u0634\u0645\u0644:<\/div>\n<div dir=\"auto\">\u2022 \u0631\u0635\u064a\u0641 \u0631\u0633\u0648 \u0641\u064a \u0645\u064a\u0646\u0627\u0621 \u0628\u062c\u0627\u064a\u0629 (\u0642\u064a\u062f \u0627\u0644\u0625\u0646\u0634\u0627\u0621)<\/div>\n<div dir=\"auto\">\u2022 \u062a\u0632\u0648\u064a\u062f \u0628\u0627\u0644\u0643\u0647\u0631\u0628\u0627\u0621 \u0630\u0627\u062a \u0627\u0644\u062a\u0648\u062a\u0631 \u0627\u0644\u0639\u0627\u0644\u064a \u0644\u0645\u0648\u0642\u0639 \u0627\u0644\u0627\u0633\u062a\u063a\u0644\u0627\u0644 (\u0642\u064a\u062f \u0627\u0644\u062a\u0635\u0645\u064a\u0645)<\/div>\n<div dir=\"auto\">\u2022 \u0645\u0645\u0631\u0627\u062a \u0648\u0635\u0648\u0644 \u0644\u0644\u0634\u0627\u062d\u0646\u0627\u062a \u0639\u0644\u0649 \u0627\u0644\u0637\u0631\u064a\u0642 \u0627\u0644\u0633\u064a\u0627\u0631 (\u0642\u064a\u062f \u0627\u0644\u062a\u0635\u0645\u064a\u0645)<\/div>\n<div dir=\"auto\">\u2022 \u062c\u0633\u0631 \u0644\u062d\u0631\u0643\u0629 \u0627\u0644\u0646\u0642\u0644 \u0627\u0644\u0645\u0646\u062c\u0645\u064a \u0641\u0648\u0642 \u0627\u0644\u0637\u0631\u064a\u0642 \u0627\u0644\u0645\u062d\u0644\u064a (\u0642\u064a\u062f \u0627\u0644\u062a\u0635\u0645\u064a\u0645)<\/div>\n<\/div>\n<div class=\"x14z9mp xat24cr x1lziwak x1vvkbs xtlvy1s x126k92a\">\n<div dir=\"auto\">\u0648\u0647\u0646\u0627 \u064a\u064f\u0637\u0631\u062d \u0627\u0644\u0633\u0624\u0627\u0644: \u0625\u0630\u0627 \u0627\u0641\u062a\u0631\u0636\u0646\u0627 \u0623\u0646 \u0643\u0644 \u0634\u064a\u0621 \u0633\u064a\u0633\u064a\u0631 \u0643\u0645\u0627 \u0647\u0648 \u0645\u062e\u0637\u0637 \u0644\u0647 \u0648\u0641\u064a \u0623\u0641\u0636\u0644 \u0627\u0644\u0638\u0631\u0648\u0641\u060c \u0641\u0647\u0644 \u062a\u0628\u0631\u0631 \u0623\u0631\u0628\u0627\u062d \u0633\u0646\u0648\u064a\u0629 \u062a\u064f\u0642\u062f\u0651\u064e\u0631 \u0628\u0640 230 \u0645\u0644\u064a\u0648\u0646 \u062f\u0648\u0644\u0627\u0631 \u0644\u0644\u0637\u0631\u0641 \u0627\u0644\u062c\u0632\u0627\u0626\u0631\u064a (\u062f\u0648\u0646 \u0627\u062d\u062a\u0633\u0627\u0628 \u0645\u0633\u0627\u0647\u0645\u0627\u062a\u0647 \u0627\u0644\u0645\u0630\u0643\u0648\u0631\u0629 \u0623\u0639\u0644\u0627\u0647) \u062a\u062f\u0645\u064a\u0631 \u0648\u0627\u062f\u064a \u0627\u0644\u0635\u0648\u0645\u0627\u0645\u060c \u0648\u062a\u0645\u0648\u064a\u0644 \u0634\u0631\u0643\u0629 \u0623\u062c\u0646\u0628\u064a\u0629 \u0634\u0628\u0647 \u0645\u062c\u0647\u0648\u0644\u0629 \u0641\u064a \u0623\u0633\u062a\u0631\u0627\u0644\u064a\u0627 \u0648\u062a\u0639\u0627\u0646\u064a \u0645\u0646 \u0635\u0639\u0648\u0628\u0627\u062a \u0645\u0627\u0644\u064a\u0629 \u0643\u0628\u064a\u0631\u0629\u061f<\/div>\n<\/div>\n<div class=\"x14z9mp xat24cr x1lziwak x1vvkbs xtlvy1s x126k92a\">\n<div dir=\"auto\">\u0648\u0645\u0646 \u0627\u0644\u0646\u0627\u062d\u064a\u0629 \u0627\u0644\u0628\u064a\u0626\u064a\u0629\u060c \u062d\u062a\u0649 \u201c\u062a\u064a\u0631\u0627\u0645\u064a\u0646\u201d \u0644\u0627 \u062a\u0642\u062f\u0645 \u062a\u0641\u0627\u0635\u064a\u0644 \u062f\u0642\u064a\u0642\u0629 \u062d\u0648\u0644 \u0643\u064a\u0641\u064a\u0629 \u0625\u062f\u0627\u0631\u0629 \u062c\u0628\u0627\u0644 \u0627\u0644\u0646\u0641\u0627\u064a\u0627\u062a (\u0627\u0644\u0645\u0648\u0627\u062f \u0627\u0644\u0639\u0642\u064a\u0645\u0629)\u060c \u0645\u0643\u062a\u0641\u064a\u0629 \u0628\u0627\u0644\u0625\u0634\u0627\u0631\u0629 \u0625\u0644\u0649 \u0623\u062d\u0648\u0627\u0636 \u062a\u062e\u0632\u064a\u0646\u060c \u0648\u0644\u0627 \u062a\u0648\u0636\u062d \u0646\u0648\u0639 \u0645\u062d\u0637\u0627\u062a \u0645\u0639\u0627\u0644\u062c\u0629 \u0627\u0644\u0645\u064a\u0627\u0647 (\u0623\u0648\u0644\u064a\u0629\u060c \u0643\u064a\u0645\u064a\u0627\u0626\u064a\u0629\u060c \u0625\u0644\u062e)\u060c \u0641\u0636\u0644\u064b\u0627 \u0639\u0646 \u062a\u062c\u0627\u0647\u0644\u0647\u0627 \u0644\u0645\u062c\u0645\u0644 \u0627\u0644\u0623\u0636\u0631\u0627\u0631 \u0645\u062b\u0644 \u0627\u0644\u063a\u0628\u0627\u0631\u060c \u0627\u0644\u0636\u0648\u0636\u0627\u0621\u060c \u0627\u0644\u0646\u0642\u0644 \u0634\u062f\u064a\u062f \u0627\u0644\u062a\u0644\u0648\u062b\u060c \u062a\u062f\u0645\u064a\u0631 \u0627\u0644\u062d\u064a\u0627\u0629 \u0627\u0644\u0646\u0628\u0627\u062a\u064a\u0629 \u0648\u0627\u0644\u062d\u064a\u0648\u0627\u0646\u064a\u0629\u060c \u0648\u0627\u0644\u062a\u0623\u062b\u064a\u0631\u0627\u062a \u0639\u0644\u0649 \u0635\u062d\u0629 \u0627\u0644\u0633\u0643\u0627\u0646.<\/div>\n<\/div>\n<div class=\"x14z9mp xat24cr x1lziwak x1vvkbs xtlvy1s x126k92a\">\n<div dir=\"auto\">\u0643\u0644 \u0630\u0644\u0643 \u0644\u0647 \u062a\u0643\u0644\u0641\u0629 \u0647\u0627\u0626\u0644\u0629 \u0644\u0627 \u064a\u062a\u062d\u062f\u062b \u0639\u0646\u0647\u0627 \u0623\u062d\u062f. \u0644\u0645\u0627\u0630\u0627\u061f \u0645\u0646 \u064a\u0642\u0641 \u0648\u0631\u0627\u0621 \u0647\u0630\u0647 \u0627\u0644\u0643\u0627\u0631\u062b\u0629 \u0627\u0644\u0645\u0631\u062a\u0642\u0628\u0629\u061f \u0648\u0645\u0646\u060c \u063a\u064a\u0631 \u201c\u062a\u064a\u0631\u0627\u0645\u064a\u0646\u201d\u060c \u064a\u0633\u062a\u0641\u064a\u062f \u0645\u0646 \u0627\u0633\u062a\u063a\u0644\u0627\u0644 \u0644\u0627 \u064a\u062e\u062f\u0645 \u0644\u0627 \u0627\u0642\u062a\u0635\u0627\u062f \u0627\u0644\u0628\u0644\u0627\u062f \u0648\u0644\u0627 \u0627\u0642\u062a\u0635\u0627\u062f \u0627\u0644\u0645\u0646\u0637\u0642\u0629 \u0648\u0644\u0627 \u062a\u0631\u0627\u062b\u0646\u0627 \u0627\u0644\u0637\u0628\u064a\u0639\u064a\u061f \u0648\u0646\u0630\u0643\u0631 \u0628\u0623\u0646 \u0648\u0627\u062f\u064a \u0627\u0644\u0635\u0648\u0645\u0627\u0645 \u0645\u0635\u0646\u0641 \u0636\u0645\u0646 \u0627\u0644\u062a\u0631\u0627\u062b \u0627\u0644\u0637\u0628\u064a\u0639\u064a \u0627\u0644\u0639\u0627\u0644\u0645\u064a \u0628\u0645\u0648\u062c\u0628 \u0627\u062a\u0641\u0627\u0642\u064a\u0629 \u0631\u0627\u0645\u0633\u0627\u0631.<\/div>\n<\/div>\n<div class=\"x14z9mp xat24cr x1lziwak x1vvkbs xtlvy1s x126k92a\">\n<div dir=\"auto\">\u0623\u0646\u0627 \u0623\u062a\u0647\u0645 \u0643\u0644 \u0647\u0624\u0644\u0627\u0621 \u0627\u0644\u0645\u0633\u0624\u0648\u0644\u064a\u0646 \u0627\u0644\u0630\u064a\u0646 \u064a\u0642\u0641\u0648\u0646 \u0648\u0631\u0627\u0621 \u0647\u0630\u0647 \u0627\u0644\u0645\u062e\u0637\u0637\u0627\u062a.<\/div>\n<div dir=\"auto\">\u0648\u0623\u062a\u0647\u0645 \u0643\u0644 \u0645\u0646 \u064a\u0639\u0644\u0645 \u0648\u064a\u0642\u0648\u0644 \u0639\u0643\u0633 \u0630\u0644\u0643.<\/div>\n<div dir=\"auto\">\u0648\u0623\u062a\u0647\u0645 \u0643\u0644 \u0645\u0646 \u064a\u0639\u0644\u0645 \u0648\u064a\u0635\u0645\u062a.<\/div>\n<\/div>\n<div class=\"x14z9mp xat24cr x1lziwak x1vvkbs xtlvy1s x126k92a\">\n<div dir=\"auto\" style=\"text-align: right;\">\u0627\u0644\u0639\u0627\u0631 \u0644\u0647\u0645. \u0648\u0633\u064a\u0623\u062a\u064a \u064a\u0648\u0645 \u064a\u064f\u062d\u0627\u0633\u064e\u0628 \u0641\u064a\u0647 \u0643\u0644 \u0647\u0624\u0644\u0627\u0621 \u0623\u0645\u0627\u0645 \u0627\u0644\u0639\u062f\u0627\u0644\u0629\u060c \u0625\u0630 \u0644\u0627 \u062a\u0633\u0642\u0637 \u0645\u062b\u0644 \u0647\u0630\u0647 \u0627\u0644\u062c\u0631\u0627\u0626\u0645 \u0628\u0627\u0644\u062a\u0642\u0627\u062f\u0645.<\/div>\n<\/div>\n<div dir=\"auto\"><\/div>\n<div dir=\"auto\">\n<p><iframe loading=\"lazy\" title=\"Mine de Tala Hamza : d\u00e9veloppement \u00e9conomique \u00e0 quel prix ?\" width=\"1200\" height=\"675\" src=\"https:\/\/www.youtube.com\/embed\/z_X0LeMqCz4?feature=oembed\" frameborder=\"0\" allow=\"accelerometer; autoplay; clipboard-write; encrypted-media; gyroscope; picture-in-picture; web-share\" referrerpolicy=\"strict-origin-when-cross-origin\" allowfullscreen><\/iframe><\/p>\n<\/div>\n","protected":false},"excerpt":{"rendered":"<p>\u0623\u062a\u0647\u0645 \u2026 \u0633\u064a \u0623\u062d\u0645\u062f \u0633\u064a\u062f\u064a \u0645\u0646\u0627\u062f \u0631\u0626\u064a\u0633 \u062c\u0645\u0639\u064a\u0629 \u062a\u0627\u0641\u0644\u0648\u064a\u062a \u0644\u0627 \u0623\u0631\u064a\u062f \u0625\u0637\u0644\u0627\u0642\u064b\u0627 \u0623\u0646 \u0623\u0643\u0648\u0646 \u0645\u062a\u0634\u0627\u0626\u0645\u064b\u0627\u060c \u0648\u0633\u0623\u0643\u062a\u0641\u064a \u0628\u0639\u0631\u0636 \u0627\u0644\u0623\u0631\u0642\u0627\u0645 \u0627\u0644\u062a\u064a \u0642\u062f\u0645\u062a\u0647\u0627 \u0627\u0644\u0634\u0631\u0643\u0629 \u0627\u0644\u0623\u0633\u062a\u0631\u0627\u0644\u064a\u0629 \u201c\u062a\u064a\u0631\u0627\u0645\u064a\u0646\u201d \u0639\u0644\u0649 \u0645\u0648\u0642\u0639\u0647\u0627 &hellip; <\/p>\n","protected":false},"author":1,"featured_media":0,"parent":0,"menu_order":0,"comment_status":"closed","ping_status":"closed","template":"","meta":{"footnotes":""},"class_list":["post-287","page","type-page","status-publish","hentry"],"_links":{"self":[{"href":"https:\/\/tafelwit.org\/index.php\/wp-json\/wp\/v2\/pages\/287","targetHints":{"allow":["GET"]}}],"collection":[{"href":"https:\/\/tafelwit.org\/index.php\/wp-json\/wp\/v2\/pages"}],"about":[{"href":"https:\/\/tafelwit.org\/index.php\/wp-json\/wp\/v2\/types\/page"}],"author":[{"embeddable":true,"href":"https:\/\/tafelwit.org\/index.php\/wp-json\/wp\/v2\/users\/1"}],"replies":[{"embeddable":true,"href":"https:\/\/tafelwit.org\/index.php\/wp-json\/wp\/v2\/comments?post=287"}],"version-history":[{"count":5,"href":"https:\/\/tafelwit.org\/index.php\/wp-json\/wp\/v2\/pages\/287\/revisions"}],"predecessor-version":[{"id":303,"href":"https:\/\/tafelwit.org\/index.php\/wp-json\/wp\/v2\/pages\/287\/revisions\/303"}],"wp:attachment":[{"href":"https:\/\/tafelwit.org\/index.php\/wp-json\/wp\/v2\/media?parent=287"}],"curies":[{"name":"wp","href":"https:\/\/api.w.org\/{rel}","templated":true}]}}