{"id":66,"date":"2025-08-18T23:35:21","date_gmt":"2025-08-18T23:35:21","guid":{"rendered":"http:\/\/tafelwk.cluster100.hosting.ovh.net\/index.php\/home\/"},"modified":"2026-03-27T08:32:23","modified_gmt":"2026-03-27T08:32:23","slug":"home","status":"publish","type":"page","link":"https:\/\/tafelwit.org\/","title":{"rendered":"Accueil"},"content":{"rendered":"<h2>Pour une gestion responsable de notre environnement<\/h2>\n<p><strong>\u2d5c\u2d30\u2d3c\u2d3b\u2d4d\u2d61\u2d49\u2d5c \u00ab Tafelwit \u00bb<\/strong>, en amazigh, signifie la <strong>clart\u00e9<\/strong>, la <strong>lumi\u00e8re<\/strong> et la <strong>blancheur<\/strong>, et renvoie, par extension, \u00e0 la puret\u00e9 et \u00e0 tout ce qui est clair, juste et porteur de sens. Dans la po\u00e9sie, les chants et le langage symbolique, ce terme \u00e9voque \u00e9galement l\u2019<strong>aube<\/strong>, l\u2019<strong>aurore<\/strong>\u00a0 ainsi que le <strong>renouveau<\/strong>, l\u2019<strong>espoir<\/strong> et le <strong>commencement d\u2019un avenir meilleur<\/strong>.<\/p>\n<blockquote><p>&nbsp;<\/p>\n<p>Agir pour un environnement pr\u00e9serv\u00e9, fond\u00e9 sur la responsabilit\u00e9, la solidarit\u00e9 et l\u2019engagement citoyen.<\/p>\n<p>&nbsp;<\/p><\/blockquote>\n<p>Le choix de cette d\u00e9nomination refl\u00e8te la vision de notre association : agir pour un environnement pr\u00e9serv\u00e9, fond\u00e9 sur la responsabilit\u00e9, la solidarit\u00e9 et l\u2019engagement citoyen. \u00c0 travers nos actions, nous \u0153uvrons pour la <strong>protection de l\u2019environnement<\/strong>, la <strong>sensibilisation des citoyens<\/strong> et <strong>la promotion de comportements \u00e9coresponsables<\/strong>, avec une attention particuli\u00e8re port\u00e9e \u00e0 l\u2019<strong>Alg\u00e9rie<\/strong>, \u00e0 ses \u00e9cosyst\u00e8mes et \u00e0 ses <strong>g\u00e9n\u00e9rations futures<\/strong>.<\/p>\n<p><strong>Tafelwith<\/strong> se veut ainsi un espace d\u2019initiative, de participation et d\u2019espoir, o\u00f9 chaque citoyen est invit\u00e9 \u00e0 contribuer \u00e0 la construction d\u2019un avenir plus durable, \u00e9quitable et respectueux du vivant.<\/p>\n<p><iframe loading=\"lazy\" title=\"TAFELWIT Act for Nature\" width=\"1200\" height=\"675\" src=\"https:\/\/www.youtube.com\/embed\/ewbXpJszUQ4?feature=oembed\" frameborder=\"0\" allow=\"accelerometer; autoplay; clipboard-write; encrypted-media; gyroscope; picture-in-picture; web-share\" referrerpolicy=\"strict-origin-when-cross-origin\" allowfullscreen><\/iframe><\/p>\n","protected":false},"excerpt":{"rendered":"<p>Pour une gestion responsable de notre environnement \u2d5c\u2d30\u2d3c\u2d3b\u2d4d\u2d61\u2d49\u2d5c \u00ab Tafelwit \u00bb, en amazigh, signifie la clart\u00e9, la lumi\u00e8re et la blancheur, et renvoie, par extension, &hellip; <\/p>\n","protected":false},"author":1,"featured_media":0,"parent":287,"menu_order":0,"comment_status":"closed","ping_status":"closed","template":"","meta":{"footnotes":""},"class_list":["post-66","page","type-page","status-publish","hentry"],"_links":{"self":[{"href":"https:\/\/tafelwit.org\/index.php\/wp-json\/wp\/v2\/pages\/66","targetHints":{"allow":["GET"]}}],"collection":[{"href":"https:\/\/tafelwit.org\/index.php\/wp-json\/wp\/v2\/pages"}],"about":[{"href":"https:\/\/tafelwit.org\/index.php\/wp-json\/wp\/v2\/types\/page"}],"author":[{"embeddable":true,"href":"https:\/\/tafelwit.org\/index.php\/wp-json\/wp\/v2\/users\/1"}],"replies":[{"embeddable":true,"href":"https:\/\/tafelwit.org\/index.php\/wp-json\/wp\/v2\/comments?post=66"}],"version-history":[{"count":25,"href":"https:\/\/tafelwit.org\/index.php\/wp-json\/wp\/v2\/pages\/66\/revisions"}],"predecessor-version":[{"id":327,"href":"https:\/\/tafelwit.org\/index.php\/wp-json\/wp\/v2\/pages\/66\/revisions\/327"}],"up":[{"embeddable":true,"href":"https:\/\/tafelwit.org\/index.php\/wp-json\/wp\/v2\/pages\/287"}],"wp:attachment":[{"href":"https:\/\/tafelwit.org\/index.php\/wp-json\/wp\/v2\/media?parent=66"}],"curies":[{"name":"wp","href":"https:\/\/api.w.org\/{rel}","templated":true}]}}