{"id":67,"date":"2025-08-18T23:35:21","date_gmt":"2025-08-18T23:35:21","guid":{"rendered":"http:\/\/tafelwk.cluster100.hosting.ovh.net\/index.php\/about\/"},"modified":"2025-12-29T10:51:12","modified_gmt":"2025-12-29T10:51:12","slug":"about","status":"publish","type":"page","link":"https:\/\/tafelwit.org\/index.php\/about\/","title":{"rendered":"Qui sommes-nous"},"content":{"rendered":"<div dir=\"auto\"><strong>TAFELWIT<\/strong> est une association \u00e0 but non lucratif engag\u00e9e pour le d\u00e9veloppement durable et la protection de l\u2019environnement.<\/div>\n<div dir=\"auto\">Elle agit dans une logique citoyenne, responsable et ind\u00e9pendante, au service de l\u2019int\u00e9r\u00eat g\u00e9n\u00e9ral.<\/div>\n<div dir=\"auto\"><\/div>\n<div dir=\"auto\">Notre mission est de contribuer \u00e0 la pr\u00e9servation de la plan\u00e8te \u00e0 travers des actions concr\u00e8tes, de la sensibilisation et le renforcement de la conscience \u00e9cologique, en particulier aupr\u00e8s des jeunes et des communaut\u00e9s locales.<\/div>\n<div dir=\"auto\"><\/div>\n<div dir=\"auto\"><\/div>\n<div dir=\"auto\">TAFELWIT intervient autour de plusieurs axes principaux :<\/div>\n<ul>\n<li dir=\"auto\">la protection de l\u2019environnement et des ressources naturelles,<\/li>\n<li dir=\"auto\">la promotion de pratiques durables et responsables,<\/li>\n<li dir=\"auto\">l\u2019\u00e9ducation environnementale et la sensibilisation citoyenne,<\/li>\n<li dir=\"auto\">le soutien \u00e0 des initiatives locales et solidaires,<\/li>\n<li dir=\"auto\">la coop\u00e9ration avec des associations, institutions et acteurs engag\u00e9s pour un avenir durable.<\/li>\n<\/ul>\n<div dir=\"auto\">L\u2019association repose sur des valeurs fortes : engagement, transparence, responsabilit\u00e9, solidarit\u00e9 et respect de la nature. Elle est ind\u00e9pendante de toute affiliation politique ou religieuse.<\/div>\n<div dir=\"auto\"><\/div>\n<div dir=\"auto\">\u00c0 travers ses projets, TAFELWIT ambitionne de cr\u00e9er des ponts entre les soci\u00e9t\u00e9s, de favoriser le partage de connaissances et de participer activement \u00e0 la construction d\u2019un avenir plus juste, plus sain et plus durable.<\/div>\n","protected":false},"excerpt":{"rendered":"<p>TAFELWIT est une association \u00e0 but non lucratif engag\u00e9e pour le d\u00e9veloppement durable et la protection de l\u2019environnement. Elle agit dans une logique citoyenne, responsable &hellip; <\/p>\n","protected":false},"author":1,"featured_media":0,"parent":0,"menu_order":0,"comment_status":"closed","ping_status":"closed","template":"","meta":{"footnotes":""},"class_list":["post-67","page","type-page","status-publish","hentry"],"_links":{"self":[{"href":"https:\/\/tafelwit.org\/index.php\/wp-json\/wp\/v2\/pages\/67","targetHints":{"allow":["GET"]}}],"collection":[{"href":"https:\/\/tafelwit.org\/index.php\/wp-json\/wp\/v2\/pages"}],"about":[{"href":"https:\/\/tafelwit.org\/index.php\/wp-json\/wp\/v2\/types\/page"}],"author":[{"embeddable":true,"href":"https:\/\/tafelwit.org\/index.php\/wp-json\/wp\/v2\/users\/1"}],"replies":[{"embeddable":true,"href":"https:\/\/tafelwit.org\/index.php\/wp-json\/wp\/v2\/comments?post=67"}],"version-history":[{"count":9,"href":"https:\/\/tafelwit.org\/index.php\/wp-json\/wp\/v2\/pages\/67\/revisions"}],"predecessor-version":[{"id":262,"href":"https:\/\/tafelwit.org\/index.php\/wp-json\/wp\/v2\/pages\/67\/revisions\/262"}],"wp:attachment":[{"href":"https:\/\/tafelwit.org\/index.php\/wp-json\/wp\/v2\/media?parent=67"}],"curies":[{"name":"wp","href":"https:\/\/api.w.org\/{rel}","templated":true}]}}